{"id":3802,"date":"2023-08-20T09:14:12","date_gmt":"2023-08-20T06:14:12","guid":{"rendered":"https:\/\/cbam-abx.dk\/?page_id=3802"},"modified":"2025-07-01T11:30:51","modified_gmt":"2025-07-01T09:30:51","slug":"home","status":"publish","type":"page","link":"https:\/\/cbam-abx.dk\/da\/","title":{"rendered":"Hjem"},"content":{"rendered":"<div data-elementor-type=\"wp-page\" data-elementor-id=\"3802\" class=\"elementor elementor-3802\" data-elementor-post-type=\"page\">\n\t\t\t\t\t\t<header class=\"elementor-section elementor-top-section elementor-element elementor-element-23f7e598 elementor-section-height-min-height elementor-section-stretched elementor-section-items-bottom elementor-section-boxed elementor-section-height-default\" data-id=\"23f7e598\" data-element_type=\"section\" data-e-type=\"section\" data-settings=\"{&quot;background_background&quot;:&quot;classic&quot;,&quot;stretch_section&quot;:&quot;section-stretched&quot;}\">\n\t\t\t\t\t\t\t<div class=\"elementor-background-overlay\"><\/div>\n\t\t\t\t\t\t\t<div class=\"elementor-container elementor-column-gap-no\">\n\t\t\t\t\t<div class=\"elementor-column elementor-col-100 elementor-top-column elementor-element elementor-element-2453e61a\" data-id=\"2453e61a\" data-element_type=\"column\" data-e-type=\"column\" data-settings=\"{&quot;background_background&quot;:&quot;classic&quot;}\">\n\t\t\t<div class=\"elementor-widget-wrap elementor-element-populated\">\n\t\t\t\t<div class=\"elementor-element elementor-element-54e090e e-flex e-con-boxed e-con e-parent\" data-id=\"54e090e\" data-element_type=\"container\" data-e-type=\"container\">\n\t\t\t\t\t<div class=\"e-con-inner\">\n\t\t\t\t<div class=\"elementor-element elementor-element-906c85b elementor-widget elementor-widget-heading\" data-id=\"906c85b\" data-element_type=\"widget\" data-e-type=\"widget\" data-widget_type=\"heading.default\">\n\t\t\t\t<div class=\"elementor-widget-container\">\n\t\t\t\t\t<h1 class=\"elementor-heading-title elementor-size-default\">CBAM stress-free<\/h1>\t\t\t\t<\/div>\n\t\t\t\t<\/div>\n\t\t\t\t<div class=\"elementor-element elementor-element-6f74d73 elementor-widget elementor-widget-heading\" data-id=\"6f74d73\" data-element_type=\"widget\" data-e-type=\"widget\" data-widget_type=\"heading.default\">\n\t\t\t\t<div class=\"elementor-widget-container\">\n\t\t\t\t\t<h1 class=\"elementor-heading-title elementor-size-default\">Full reporting \u2013 No penalties<\/h1>\t\t\t\t<\/div>\n\t\t\t\t<\/div>\n\t\t\t\t\t<\/div>\n\t\t\t\t<\/div>\n\t\t\t\t<div class=\"elementor-element elementor-element-4d6a99b elementor-widget__width-initial elementor-widget-mobile__width-initial elementor-widget-tablet__width-initial elementor-widget elementor-widget-text-editor\" data-id=\"4d6a99b\" data-element_type=\"widget\" data-e-type=\"widget\" data-widget_type=\"text-editor.default\">\n\t\t\t\t<div class=\"elementor-widget-container\">\n\t\t\t\t\t\t\t\t\t<p>Integrated CBAM compliance services &#8211; we take the whole process from A to Z.<br \/>You upload the documents, we take care of the rest.<\/p>\t\t\t\t\t\t\t\t<\/div>\n\t\t\t\t<\/div>\n\t\t\t\t<div class=\"elementor-element elementor-element-009d98c elementor-align-right animated-slow elementor-tablet-align-center elementor-invisible elementor-widget elementor-widget-global elementor-global-6216 elementor-widget-button\" data-id=\"009d98c\" data-element_type=\"widget\" data-e-type=\"widget\" data-settings=\"{&quot;_animation&quot;:&quot;shake&quot;}\" data-widget_type=\"button.default\">\n\t\t\t\t<div class=\"elementor-widget-container\">\n\t\t\t\t\t\t\t\t\t<div class=\"elementor-button-wrapper\">\n\t\t\t\t\t<a class=\"elementor-button elementor-button-link elementor-size-xl elementor-animation-pulse\" href=\"https:\/\/cbam-abx.dk\/da\/cbam-form\/\" target=\"_blank\">\n\t\t\t\t\t\t<span class=\"elementor-button-content-wrapper\">\n\t\t\t\t\t\t\t\t\t<span class=\"elementor-button-text\">Ask For CBAM Assessment<\/span>\n\t\t\t\t\t<\/span>\n\t\t\t\t\t<\/a>\n\t\t\t\t<\/div>\n\t\t\t\t\t\t\t\t<\/div>\n\t\t\t\t<\/div>\n\t\t\t\t\t<\/div>\n\t\t<\/div>\n\t\t\t\t\t<\/div>\n\t\t<\/header>\n\t\t\t\t<section class=\"elementor-section elementor-top-section elementor-element elementor-element-70b20748 elementor-section-boxed elementor-section-height-default elementor-section-height-default\" data-id=\"70b20748\" data-element_type=\"section\" data-e-type=\"section\" data-settings=\"{&quot;background_background&quot;:&quot;classic&quot;,&quot;shape_divider_top&quot;:&quot;pyramids&quot;}\">\n\t\t\t\t\t<div class=\"elementor-shape elementor-shape-top\" aria-hidden=\"true\" data-negative=\"false\">\n\t\t\t<svg xmlns=\"http:\/\/www.w3.org\/2000\/svg\" viewbox=\"0 0 1000 100\" preserveaspectratio=\"none\">\n\t<path class=\"elementor-shape-fill\" d=\"M761.9,44.1L643.1,27.2L333.8,98L0,3.8V0l1000,0v3.9\"\/>\n<\/svg>\t\t<\/div>\n\t\t\t\t\t<div class=\"elementor-container elementor-column-gap-no\">\n\t\t\t\t\t<div class=\"elementor-column elementor-col-50 elementor-top-column elementor-element elementor-element-40b9d1f2 elementor-hidden-tablet elementor-hidden-mobile\" data-id=\"40b9d1f2\" data-element_type=\"column\" data-e-type=\"column\" data-settings=\"{&quot;background_background&quot;:&quot;classic&quot;}\">\n\t\t\t<div class=\"elementor-widget-wrap elementor-element-populated\">\n\t\t\t\t\t\t<div class=\"elementor-element elementor-element-20fb9446 elementor-hidden-mobile elementor-widget-tablet__width-initial elementor-widget-mobile__width-initial elementor-widget elementor-widget-image\" data-id=\"20fb9446\" data-element_type=\"widget\" data-e-type=\"widget\" data-widget_type=\"image.default\">\n\t\t\t\t<div class=\"elementor-widget-container\">\n\t\t\t\t\t\t\t\t\t\t\t\t<figure class=\"wp-caption\">\n\t\t\t\t\t\t\t\t\t\t<img fetchpriority=\"high\" decoding=\"async\" width=\"1080\" height=\"1080\" src=\"https:\/\/cbam-abx.dk\/wp-content\/uploads\/2024\/06\/AnyConv.com__2.webp\" class=\"attachment-full size-full wp-image-7368\" alt=\"\" srcset=\"https:\/\/cbam-abx.dk\/wp-content\/uploads\/2024\/06\/AnyConv.com__2.webp 1080w, https:\/\/cbam-abx.dk\/wp-content\/uploads\/2024\/06\/AnyConv.com__2-300x300.webp 300w, https:\/\/cbam-abx.dk\/wp-content\/uploads\/2024\/06\/AnyConv.com__2-1024x1024.webp 1024w, https:\/\/cbam-abx.dk\/wp-content\/uploads\/2024\/06\/AnyConv.com__2-150x150.webp 150w, https:\/\/cbam-abx.dk\/wp-content\/uploads\/2024\/06\/AnyConv.com__2-768x768.webp 768w, https:\/\/cbam-abx.dk\/wp-content\/uploads\/2024\/06\/AnyConv.com__2-12x12.webp 12w\" sizes=\"(max-width: 1080px) 100vw, 1080px\" \/>\t\t\t\t\t\t\t\t\t\t\t<figcaption class=\"widget-image-caption wp-caption-text\"><\/figcaption>\n\t\t\t\t\t\t\t\t\t\t<\/figure>\n\t\t\t\t\t\t\t\t\t<\/div>\n\t\t\t\t<\/div>\n\t\t\t\t\t<\/div>\n\t\t<\/div>\n\t\t\t\t<div class=\"elementor-column elementor-col-50 elementor-top-column elementor-element elementor-element-3bd5ab38\" data-id=\"3bd5ab38\" data-element_type=\"column\" data-e-type=\"column\">\n\t\t\t<div class=\"elementor-widget-wrap elementor-element-populated\">\n\t\t\t\t\t\t<section class=\"elementor-section elementor-inner-section elementor-element elementor-element-63a14446 elementor-section-full_width elementor-section-height-default elementor-section-height-default\" data-id=\"63a14446\" data-element_type=\"section\" data-e-type=\"section\">\n\t\t\t\t\t\t<div class=\"elementor-container elementor-column-gap-no\">\n\t\t\t\t\t<div class=\"elementor-column elementor-col-50 elementor-inner-column elementor-element elementor-element-4dd73b47\" data-id=\"4dd73b47\" data-element_type=\"column\" data-e-type=\"column\">\n\t\t\t<div class=\"elementor-widget-wrap elementor-element-populated\">\n\t\t\t\t\t\t<div class=\"elementor-element elementor-element-3a5e983a elementor-view-default elementor-widget elementor-widget-icon\" data-id=\"3a5e983a\" data-element_type=\"widget\" data-e-type=\"widget\" data-widget_type=\"icon.default\">\n\t\t\t\t<div class=\"elementor-widget-container\">\n\t\t\t\t\t\t\t<div class=\"elementor-icon-wrapper\">\n\t\t\t<div class=\"elementor-icon\">\n\t\t\t<i aria-hidden=\"true\" class=\"fas fa-seedling\"><\/i>\t\t\t<\/div>\n\t\t<\/div>\n\t\t\t\t\t\t<\/div>\n\t\t\t\t<\/div>\n\t\t\t\t\t<\/div>\n\t\t<\/div>\n\t\t\t\t<div class=\"elementor-column elementor-col-50 elementor-inner-column elementor-element elementor-element-5a4e7a1c\" data-id=\"5a4e7a1c\" data-element_type=\"column\" data-e-type=\"column\">\n\t\t\t<div class=\"elementor-widget-wrap elementor-element-populated\">\n\t\t\t\t\t\t<div class=\"elementor-element elementor-element-2ab1962f elementor-widget__width-initial elementor-widget elementor-widget-text-editor\" data-id=\"2ab1962f\" data-element_type=\"widget\" data-e-type=\"widget\" data-widget_type=\"text-editor.default\">\n\t\t\t\t<div class=\"elementor-widget-container\">\n\t\t\t\t\t\t\t\t\t<p>Med ABX kan du g\u00f8re udfordringen med CBAM-rapportering til en strategisk mulighed for din virksomhed. Vi specialiserer os i r\u00e5dgivning om Carbon Border Emissions Adjustment Mechanism (CBAM) og tilbyder mere end blot vejledning - vi p\u00e5tager os det fulde ansvar for rapporteringsprocessen fra A til Z. Drag fordel af vores ekspertise til bl.a. detaljeret vurdering, produktklassifikation, navigering af lovgivnings\u00e6ndringer og effektiv implementering af rapporteringen. Ved et partnerskab med ABX, sparer du v\u00e6rdifuld tid og ressourcer ved at lade os h\u00e5ndtere de komplekse detaljer. Dette betyder, at du kan fokusere p\u00e5 at v\u00e6kste din virksomhed, med vished om at CBAM-udfordringer bliver h\u00e5ndteret up\u00e5klageligt. V\u00e6lg ABX og omdan dine rapporteringsforpligtelser til en b\u00e6redygtig konkurrencefordel.<\/p>\t\t\t\t\t\t\t\t<\/div>\n\t\t\t\t<\/div>\n\t\t\t\t\t<\/div>\n\t\t<\/div>\n\t\t\t\t\t<\/div>\n\t\t<\/section>\n\t\t\t\t\t<\/div>\n\t\t<\/div>\n\t\t\t\t\t<\/div>\n\t\t<\/section>\n\t\t<div class=\"elementor-element elementor-element-c313ba7 e-flex e-con-boxed e-con e-parent\" data-id=\"c313ba7\" data-element_type=\"container\" data-e-type=\"container\" data-settings=\"{&quot;background_background&quot;:&quot;classic&quot;}\">\n\t\t\t\t\t<div class=\"e-con-inner\">\n\t\t\t\t<div class=\"elementor-element elementor-element-9978065 elementor-widget elementor-widget-heading\" data-id=\"9978065\" data-element_type=\"widget\" data-e-type=\"widget\" data-widget_type=\"heading.default\">\n\t\t\t\t<div class=\"elementor-widget-container\">\n\t\t\t\t\t<h2 class=\"elementor-heading-title elementor-size-default\">CBAM-indsigter\n<\/h2>\t\t\t\t<\/div>\n\t\t\t\t<\/div>\n\t\t\t\t\t<\/div>\n\t\t\t\t<\/div>\n\t\t<div class=\"elementor-element elementor-element-86aa56f e-flex e-con-boxed e-con e-parent\" data-id=\"86aa56f\" data-element_type=\"container\" data-e-type=\"container\" data-settings=\"{&quot;background_background&quot;:&quot;classic&quot;}\">\n\t\t\t\t\t<div class=\"e-con-inner\">\n\t\t\t\t<div class=\"elementor-element elementor-element-fa1c430 elementor-widget elementor-widget-counter\" data-id=\"fa1c430\" data-element_type=\"widget\" data-e-type=\"widget\" data-widget_type=\"counter.default\">\n\t\t\t\t<div class=\"elementor-widget-container\">\n\t\t\t\t\t\t\t<div class=\"elementor-counter\">\n\t\t\t<div class=\"elementor-counter-title\">Indsendte rapporter<\/div>\t\t\t<div class=\"elementor-counter-number-wrapper\">\n\t\t\t\t<span class=\"elementor-counter-number-prefix\"><\/span>\n\t\t\t\t<span class=\"elementor-counter-number\" data-duration=\"2000\" data-to-value=\"180\" data-from-value=\"\" data-delimiter=\",\"><\/span>\n\t\t\t\t<span class=\"elementor-counter-number-suffix\"><\/span>\n\t\t\t<\/div>\n\t\t<\/div>\n\t\t\t\t\t\t<\/div>\n\t\t\t\t<\/div>\n\t\t\t\t<div class=\"elementor-element elementor-element-e10dd99 elementor-widget elementor-widget-counter\" data-id=\"e10dd99\" data-element_type=\"widget\" data-e-type=\"widget\" data-widget_type=\"counter.default\">\n\t\t\t\t<div class=\"elementor-widget-container\">\n\t\t\t\t\t\t\t<div class=\"elementor-counter\">\n\t\t\t<div class=\"elementor-counter-title\">Opn\u00e5else af m\u00e5l<\/div>\t\t\t<div class=\"elementor-counter-number-wrapper\">\n\t\t\t\t<span class=\"elementor-counter-number-prefix\"><\/span>\n\t\t\t\t<span class=\"elementor-counter-number\" data-duration=\"2000\" data-to-value=\"100\" data-from-value=\"\" data-delimiter=\",\"><\/span>\n\t\t\t\t<span class=\"elementor-counter-number-suffix\">%<\/span>\n\t\t\t<\/div>\n\t\t<\/div>\n\t\t\t\t\t\t<\/div>\n\t\t\t\t<\/div>\n\t\t\t\t<div class=\"elementor-element elementor-element-6b44981 elementor-widget elementor-widget-counter\" data-id=\"6b44981\" data-element_type=\"widget\" data-e-type=\"widget\" data-widget_type=\"counter.default\">\n\t\t\t\t<div class=\"elementor-widget-container\">\n\t\t\t\t\t\t\t<div class=\"elementor-counter\">\n\t\t\t<div class=\"elementor-counter-title\">Ansl\u00e5et antal tons CO2<\/div>\t\t\t<div class=\"elementor-counter-number-wrapper\">\n\t\t\t\t<span class=\"elementor-counter-number-prefix\"><\/span>\n\t\t\t\t<span class=\"elementor-counter-number\" data-duration=\"2000\" data-to-value=\"1785\" data-from-value=\"\" data-delimiter=\",\"><\/span>\n\t\t\t\t<span class=\"elementor-counter-number-suffix\"> K<\/span>\n\t\t\t<\/div>\n\t\t<\/div>\n\t\t\t\t\t\t<\/div>\n\t\t\t\t<\/div>\n\t\t\t\t<div class=\"elementor-element elementor-element-27bd5af elementor-widget elementor-widget-counter\" data-id=\"27bd5af\" data-element_type=\"widget\" data-e-type=\"widget\" data-widget_type=\"counter.default\">\n\t\t\t\t<div class=\"elementor-widget-container\">\n\t\t\t\t\t\t\t<div class=\"elementor-counter\">\n\t\t\t<div class=\"elementor-counter-title\">Produktionsanl\u00e6g<\/div>\t\t\t<div class=\"elementor-counter-number-wrapper\">\n\t\t\t\t<span class=\"elementor-counter-number-prefix\"><\/span>\n\t\t\t\t<span class=\"elementor-counter-number\" data-duration=\"2000\" data-to-value=\"282\" data-from-value=\"\" data-delimiter=\",\"><\/span>\n\t\t\t\t<span class=\"elementor-counter-number-suffix\"><\/span>\n\t\t\t<\/div>\n\t\t<\/div>\n\t\t\t\t\t\t<\/div>\n\t\t\t\t<\/div>\n\t\t\t\t\t<\/div>\n\t\t\t\t<\/div>\n\t\t\t\t<section class=\"elementor-section elementor-top-section elementor-element elementor-element-fe6e772 elementor-section-height-min-height elementor-section-boxed elementor-section-height-default elementor-section-items-middle\" data-id=\"fe6e772\" data-element_type=\"section\" data-e-type=\"section\" data-settings=\"{&quot;background_background&quot;:&quot;classic&quot;,&quot;shape_divider_top&quot;:&quot;pyramids&quot;,&quot;shape_divider_bottom&quot;:&quot;triangle-asymmetrical&quot;}\">\n\t\t\t\t\t\t\t<div class=\"elementor-background-overlay\"><\/div>\n\t\t\t\t\t\t<div class=\"elementor-shape elementor-shape-top\" aria-hidden=\"true\" data-negative=\"false\">\n\t\t\t<svg xmlns=\"http:\/\/www.w3.org\/2000\/svg\" viewbox=\"0 0 1000 100\" preserveaspectratio=\"none\">\n\t<path class=\"elementor-shape-fill\" d=\"M761.9,44.1L643.1,27.2L333.8,98L0,3.8V0l1000,0v3.9\"\/>\n<\/svg>\t\t<\/div>\n\t\t\t\t<div class=\"elementor-shape elementor-shape-bottom\" aria-hidden=\"true\" data-negative=\"false\">\n\t\t\t<svg xmlns=\"http:\/\/www.w3.org\/2000\/svg\" viewbox=\"0 0 1000 100\" preserveaspectratio=\"none\">\n\t<path class=\"elementor-shape-fill\" d=\"M738,99l262-93V0H0v5.6L738,99z\"\/>\n<\/svg>\t\t<\/div>\n\t\t\t\t\t<div class=\"elementor-container elementor-column-gap-default\">\n\t\t\t\t\t<div class=\"elementor-column elementor-col-50 elementor-top-column elementor-element elementor-element-2d920a8b\" data-id=\"2d920a8b\" data-element_type=\"column\" data-e-type=\"column\" data-settings=\"{&quot;background_background&quot;:&quot;classic&quot;}\">\n\t\t\t<div class=\"elementor-widget-wrap elementor-element-populated\">\n\t\t\t\t\t\t<div class=\"elementor-element elementor-element-41b7a13c elementor-widget elementor-widget-heading\" data-id=\"41b7a13c\" data-element_type=\"widget\" data-e-type=\"widget\" data-widget_type=\"heading.default\">\n\t\t\t\t<div class=\"elementor-widget-container\">\n\t\t\t\t\t<h2 class=\"elementor-heading-title elementor-size-default\">Hvordan vi kan hj\u00e6lpe:<\/h2>\t\t\t\t<\/div>\n\t\t\t\t<\/div>\n\t\t\t\t<div class=\"elementor-element elementor-element-a72169e elementor-widget__width-initial elementor-widget elementor-widget-text-editor\" data-id=\"a72169e\" data-element_type=\"widget\" data-e-type=\"widget\" data-widget_type=\"text-editor.default\">\n\t\t\t\t<div class=\"elementor-widget-container\">\n\t\t\t\t\t\t\t\t\t<p>I en verden, hvor EU's CO2-reguleringer konstant udvikler sig, vil vores team af eksperter hos ABX v\u00e6re klar til at hj\u00e6lpe dig med at navigere succesfuldt gennem disse \u00e6ndringer. Vi arbejder sammen for at give dig klarhed og skr\u00e6ddersyede strategier for ber\u00f8rte sektorer og produkter, rapporteringsmuligheder og metoder, samt indvirkningen p\u00e5 daglig drift og forsyningsk\u00e6der. Vores m\u00e5l er at sikre din overholdelse af lovregler, samtidig med, at vi minimerer omkostningerne. Med ABX vil du ikke kun l\u00e6re, hvordan du tilpasser dig disse komplekse lovkrav, men ogs\u00e5 hvordan du omdanner udfordringer til muligheder for din virksomhed.<\/p>\t\t\t\t\t\t\t\t<\/div>\n\t\t\t\t<\/div>\n\t\t\t\t\t<\/div>\n\t\t<\/div>\n\t\t\t\t<div class=\"elementor-column elementor-col-50 elementor-top-column elementor-element elementor-element-6834ded\" data-id=\"6834ded\" data-element_type=\"column\" data-e-type=\"column\" data-settings=\"{&quot;background_background&quot;:&quot;classic&quot;}\">\n\t\t\t<div class=\"elementor-widget-wrap elementor-element-populated\">\n\t\t\t\t\t\t<div class=\"elementor-element elementor-element-4b7804b9 elementor-widget-divider--view-line elementor-widget elementor-widget-divider\" data-id=\"4b7804b9\" data-element_type=\"widget\" data-e-type=\"widget\" data-widget_type=\"divider.default\">\n\t\t\t\t<div class=\"elementor-widget-container\">\n\t\t\t\t\t\t\t<div class=\"elementor-divider\">\n\t\t\t<span class=\"elementor-divider-separator\">\n\t\t\t\t\t\t<\/span>\n\t\t<\/div>\n\t\t\t\t\t\t<\/div>\n\t\t\t\t<\/div>\n\t\t\t\t<div class=\"elementor-element elementor-element-f8e4933 elementor-view-framed elementor-position-inline-start elementor-shape-circle elementor-mobile-position-block-start elementor-widget elementor-widget-icon-box\" data-id=\"f8e4933\" data-element_type=\"widget\" data-e-type=\"widget\" data-widget_type=\"icon-box.default\">\n\t\t\t\t<div class=\"elementor-widget-container\">\n\t\t\t\t\t\t\t<div class=\"elementor-icon-box-wrapper\">\n\n\t\t\t\t\t\t<div class=\"elementor-icon-box-icon\">\n\t\t\t\t<a href=\"#\" class=\"elementor-icon\" tabindex=\"-1\" aria-label=\"Dedikerede tjenester til CBAM rapporteringsforpligtelser.\">\n\t\t\t\t<i aria-hidden=\"true\" class=\"fas fa-university\"><\/i>\t\t\t\t<\/a>\n\t\t\t<\/div>\n\t\t\t\n\t\t\t\t\t\t<div class=\"elementor-icon-box-content\">\n\n\t\t\t\t\t\t\t\t\t<div class=\"elementor-icon-box-title\">\n\t\t\t\t\t\t<a href=\"#\" >\n\t\t\t\t\t\t\tDedikerede tjenester til CBAM rapporteringsforpligtelser.\t\t\t\t\t\t<\/a>\n\t\t\t\t\t<\/div>\n\t\t\t\t\n\t\t\t\t\t\t\t\t\t<p class=\"elementor-icon-box-description\">\n\t\t\t\t\t\tF\u00e5 gavn af vores specialiserede tjenester til at opfylde dine CBAM\/ETS rapporteringsforpligtelser. Vores service er baseret p\u00e5 en integreret og effektiv l\u00f8sning til at reducere risikoen for manglende overholdelse af g\u00e6ldende regler. Gennem vores professionelle og detaljeorienterede tilgang, sikrer vi, at alle CBAM\/ETS krav er korrekt opfyldt.\t\t\t\t\t<\/p>\n\t\t\t\t\n\t\t\t<\/div>\n\t\t\t\n\t\t<\/div>\n\t\t\t\t\t\t<\/div>\n\t\t\t\t<\/div>\n\t\t\t\t<div class=\"elementor-element elementor-element-39ea3349 elementor-view-framed elementor-position-inline-start elementor-shape-circle elementor-mobile-position-block-start elementor-widget elementor-widget-icon-box\" data-id=\"39ea3349\" data-element_type=\"widget\" data-e-type=\"widget\" data-widget_type=\"icon-box.default\">\n\t\t\t\t<div class=\"elementor-widget-container\">\n\t\t\t\t\t\t\t<div class=\"elementor-icon-box-wrapper\">\n\n\t\t\t\t\t\t<div class=\"elementor-icon-box-icon\">\n\t\t\t\t<a href=\"#\" class=\"elementor-icon\" tabindex=\"-1\" aria-label=\"Forretningsanalyse tjenester\">\n\t\t\t\t<i aria-hidden=\"true\" class=\"fas fa-book\"><\/i>\t\t\t\t<\/a>\n\t\t\t<\/div>\n\t\t\t\n\t\t\t\t\t\t<div class=\"elementor-icon-box-content\">\n\n\t\t\t\t\t\t\t\t\t<div class=\"elementor-icon-box-title\">\n\t\t\t\t\t\t<a href=\"#\" >\n\t\t\t\t\t\t\tForretningsanalyse tjenester\t\t\t\t\t\t<\/a>\n\t\t\t\t\t<\/div>\n\t\t\t\t\n\t\t\t\t\t\t\t\t\t<p class=\"elementor-icon-box-description\">\n\t\t\t\t\t\tVi tilbyder konsultation for at vurdere virkningen af CBAM p\u00e5 din virksomhed og drift, herunder v\u00e6rdirapportering og kvantificering af emissionsp\u00e5virkningen. Vores ekspertise d\u00e6kker strategi, vurdering af produktionscyklusens indvirkning og analyse af forsyningsk\u00e6den. Vi analyserer p\u00e5virkningen af forsyningsomkostninger og markedsprisen p\u00e5 dine produkter, b\u00e5de i EU og i udlandet. Vi tilbyder en cost-benefit-analyse, scenariemodellering og strategisk r\u00e5dgivning til at tage informerede beslutninger.\t\t\t\t\t<\/p>\n\t\t\t\t\n\t\t\t<\/div>\n\t\t\t\n\t\t<\/div>\n\t\t\t\t\t\t<\/div>\n\t\t\t\t<\/div>\n\t\t\t\t<section class=\"elementor-section elementor-inner-section elementor-element elementor-element-161528e9 elementor-section-boxed elementor-section-height-default elementor-section-height-default\" data-id=\"161528e9\" data-element_type=\"section\" data-e-type=\"section\">\n\t\t\t\t\t\t<div class=\"elementor-container elementor-column-gap-default\">\n\t\t\t\t\t<div class=\"elementor-column elementor-col-100 elementor-inner-column elementor-element elementor-element-4c99cfc5\" data-id=\"4c99cfc5\" data-element_type=\"column\" data-e-type=\"column\">\n\t\t\t<div class=\"elementor-widget-wrap elementor-element-populated\">\n\t\t\t\t\t\t<div class=\"elementor-element elementor-element-0f73c0a elementor-view-framed elementor-position-inline-start elementor-shape-circle elementor-mobile-position-block-start elementor-widget elementor-widget-icon-box\" data-id=\"0f73c0a\" data-element_type=\"widget\" data-e-type=\"widget\" data-widget_type=\"icon-box.default\">\n\t\t\t\t<div class=\"elementor-widget-container\">\n\t\t\t\t\t\t\t<div class=\"elementor-icon-box-wrapper\">\n\n\t\t\t\t\t\t<div class=\"elementor-icon-box-icon\">\n\t\t\t\t<a href=\"#\" class=\"elementor-icon\" tabindex=\"-1\" aria-label=\"Strategisk analyse tjenester\">\n\t\t\t\t<i aria-hidden=\"true\" class=\"fas fa-database\"><\/i>\t\t\t\t<\/a>\n\t\t\t<\/div>\n\t\t\t\n\t\t\t\t\t\t<div class=\"elementor-icon-box-content\">\n\n\t\t\t\t\t\t\t\t\t<div class=\"elementor-icon-box-title\">\n\t\t\t\t\t\t<a href=\"#\" >\n\t\t\t\t\t\t\tStrategisk analyse tjenester\t\t\t\t\t\t<\/a>\n\t\t\t\t\t<\/div>\n\t\t\t\t\n\t\t\t\t\t\t\t\t\t<p class=\"elementor-icon-box-description\">\n\t\t\t\t\t\tVores specialister inden for kulstofstyring, b\u00e6redygtig indk\u00f8b og cirkul\u00e6r \u00f8konomi vil hj\u00e6lpe dig med at udvikle og implementere strategier indenfor b\u00e6redygtighed. Alt dette vil v\u00e6re i overensstemmelse med dine forpligtelser, reducerer p\u00e5virkning af CBAM, forbedrer produktionen og optimerer forsyningsk\u00e6den. Vi hj\u00e6lper ogs\u00e5 med at implementere hurtige indgreb og strukturere din rapporteringsstrategi i overensstemmelse med dynamiske krav og betalingsforpligtelser.\t\t\t\t\t<\/p>\n\t\t\t\t\n\t\t\t<\/div>\n\t\t\t\n\t\t<\/div>\n\t\t\t\t\t\t<\/div>\n\t\t\t\t<\/div>\n\t\t\t\t\t<\/div>\n\t\t<\/div>\n\t\t\t\t\t<\/div>\n\t\t<\/section>\n\t\t\t\t<div class=\"elementor-element elementor-element-c924298 elementor-align-right animated-slow elementor-tablet-align-center elementor-invisible elementor-widget elementor-widget-global elementor-global-6216 elementor-widget-button\" data-id=\"c924298\" data-element_type=\"widget\" data-e-type=\"widget\" data-settings=\"{&quot;_animation&quot;:&quot;shake&quot;}\" data-widget_type=\"button.default\">\n\t\t\t\t<div class=\"elementor-widget-container\">\n\t\t\t\t\t\t\t\t\t<div class=\"elementor-button-wrapper\">\n\t\t\t\t\t<a class=\"elementor-button elementor-button-link elementor-size-xl elementor-animation-pulse\" href=\"https:\/\/cbam-abx.dk\/da\/cbam-form\/\" target=\"_blank\">\n\t\t\t\t\t\t<span class=\"elementor-button-content-wrapper\">\n\t\t\t\t\t\t\t\t\t<span class=\"elementor-button-text\">Ask For CBAM Assessment<\/span>\n\t\t\t\t\t<\/span>\n\t\t\t\t\t<\/a>\n\t\t\t\t<\/div>\n\t\t\t\t\t\t\t\t<\/div>\n\t\t\t\t<\/div>\n\t\t\t\t\t<\/div>\n\t\t<\/div>\n\t\t\t\t\t<\/div>\n\t\t<\/section>\n\t\t\t\t<\/div>","protected":false},"excerpt":{"rendered":"<p>ABX, lider \u00een consultan\u021ba CBAM, ofer\u0103 o gam\u0103 complet\u0103 de servicii, acoperind toate etapele necesare raport\u0103rii. <\/p>","protected":false},"author":1,"featured_media":7368,"parent":0,"menu_order":0,"comment_status":"closed","ping_status":"closed","template":"elementor_header_footer","meta":{"footnotes":""},"class_list":["post-3802","page","type-page","status-publish","has-post-thumbnail","hentry"],"aioseo_notices":[],"_links":{"self":[{"href":"https:\/\/cbam-abx.dk\/da\/wp-json\/wp\/v2\/pages\/3802","targetHints":{"allow":["GET"]}}],"collection":[{"href":"https:\/\/cbam-abx.dk\/da\/wp-json\/wp\/v2\/pages"}],"about":[{"href":"https:\/\/cbam-abx.dk\/da\/wp-json\/wp\/v2\/types\/page"}],"author":[{"embeddable":true,"href":"https:\/\/cbam-abx.dk\/da\/wp-json\/wp\/v2\/users\/1"}],"replies":[{"embeddable":true,"href":"https:\/\/cbam-abx.dk\/da\/wp-json\/wp\/v2\/comments?post=3802"}],"version-history":[{"count":4,"href":"https:\/\/cbam-abx.dk\/da\/wp-json\/wp\/v2\/pages\/3802\/revisions"}],"predecessor-version":[{"id":7680,"href":"https:\/\/cbam-abx.dk\/da\/wp-json\/wp\/v2\/pages\/3802\/revisions\/7680"}],"wp:featuredmedia":[{"embeddable":true,"href":"https:\/\/cbam-abx.dk\/da\/wp-json\/wp\/v2\/media\/7368"}],"wp:attachment":[{"href":"https:\/\/cbam-abx.dk\/da\/wp-json\/wp\/v2\/media?parent=3802"}],"curies":[{"name":"wp","href":"https:\/\/api.w.org\/{rel}","templated":true}]}}